{"id":65,"date":"2013-03-15T18:21:02","date_gmt":"2013-03-15T18:21:02","guid":{"rendered":"http:\/\/www.aimerlavie.ch\/wpjeanne\/?page_id=65"},"modified":"2021-03-18T09:54:20","modified_gmt":"2021-03-18T09:54:20","slug":"coupure-de-liens","status":"publish","type":"page","link":"http:\/\/www.jeanne-tarot.ch\/?page_id=65","title":{"rendered":"Consultations"},"content":{"rendered":"<p>Consultation de deux heures\u00a0incluant un th\u00e8me de pentanalogie et des tirages de tarots, avec pour but de permettre au consultant de progresser rapidement.<\/p>\n<p>CHF 150.- la s\u00e9ance.<\/p>\n<p>Consultation d&rsquo;une heure par t\u00e9l\u00e9phone.<\/p>\n<p>CHF 120.- la s\u00e9ance<\/p>\n","protected":false},"excerpt":{"rendered":"<p>Consultation de deux heures\u00a0incluant un th\u00e8me de pentanalogie et des tirages de tarots, avec pour but de permettre au consultant de progresser rapidement. CHF 150.- la s\u00e9ance. Consultation d&rsquo;une heure par t\u00e9l\u00e9phone. CHF 120.- la s\u00e9ance<\/p>\n","protected":false},"author":1,"featured_media":0,"parent":0,"menu_order":3,"comment_status":"closed","ping_status":"closed","template":"template-full-width.php","meta":[],"_links":{"self":[{"href":"http:\/\/www.jeanne-tarot.ch\/index.php?rest_route=\/wp\/v2\/pages\/65"}],"collection":[{"href":"http:\/\/www.jeanne-tarot.ch\/index.php?rest_route=\/wp\/v2\/pages"}],"about":[{"href":"http:\/\/www.jeanne-tarot.ch\/index.php?rest_route=\/wp\/v2\/types\/page"}],"author":[{"embeddable":true,"href":"http:\/\/www.jeanne-tarot.ch\/index.php?rest_route=\/wp\/v2\/users\/1"}],"replies":[{"embeddable":true,"href":"http:\/\/www.jeanne-tarot.ch\/index.php?rest_route=%2Fwp%2Fv2%2Fcomments&post=65"}],"version-history":[{"count":14,"href":"http:\/\/www.jeanne-tarot.ch\/index.php?rest_route=\/wp\/v2\/pages\/65\/revisions"}],"predecessor-version":[{"id":411,"href":"http:\/\/www.jeanne-tarot.ch\/index.php?rest_route=\/wp\/v2\/pages\/65\/revisions\/411"}],"wp:attachment":[{"href":"http:\/\/www.jeanne-tarot.ch\/index.php?rest_route=%2Fwp%2Fv2%2Fmedia&parent=65"}],"curies":[{"name":"wp","href":"https:\/\/api.w.org\/{rel}","templated":true}]}}