{"id":60,"date":"2013-03-15T17:41:56","date_gmt":"2013-03-15T17:41:56","guid":{"rendered":"http:\/\/www.aimerlavie.ch\/wpjeanne\/?page_id=60"},"modified":"2013-04-05T22:21:53","modified_gmt":"2013-04-05T22:21:53","slug":"accueil","status":"publish","type":"page","link":"http:\/\/www.jeanne-tarot.ch\/","title":{"rendered":"Accueil"},"content":{"rendered":"<h4 style=\"text-align: center;\">R\u00e9soudre sa probl\u00e9matique actuelle<\/h4>\n<h4 style=\"text-align: center;\">Trouver des solutions \u00e0 ses questions et ses doutes existentiels<\/h4>\n<h4 style=\"text-align: center;\">D\u00e9bloquer ses barrages \u00e9motionnels<\/h4>\n","protected":false},"excerpt":{"rendered":"<p>R\u00e9soudre sa probl\u00e9matique actuelle Trouver des solutions \u00e0 ses questions et ses doutes existentiels D\u00e9bloquer ses barrages \u00e9motionnels<\/p>\n","protected":false},"author":1,"featured_media":0,"parent":0,"menu_order":0,"comment_status":"closed","ping_status":"closed","template":"","meta":[],"_links":{"self":[{"href":"http:\/\/www.jeanne-tarot.ch\/index.php?rest_route=\/wp\/v2\/pages\/60"}],"collection":[{"href":"http:\/\/www.jeanne-tarot.ch\/index.php?rest_route=\/wp\/v2\/pages"}],"about":[{"href":"http:\/\/www.jeanne-tarot.ch\/index.php?rest_route=\/wp\/v2\/types\/page"}],"author":[{"embeddable":true,"href":"http:\/\/www.jeanne-tarot.ch\/index.php?rest_route=\/wp\/v2\/users\/1"}],"replies":[{"embeddable":true,"href":"http:\/\/www.jeanne-tarot.ch\/index.php?rest_route=%2Fwp%2Fv2%2Fcomments&post=60"}],"version-history":[{"count":22,"href":"http:\/\/www.jeanne-tarot.ch\/index.php?rest_route=\/wp\/v2\/pages\/60\/revisions"}],"predecessor-version":[{"id":232,"href":"http:\/\/www.jeanne-tarot.ch\/index.php?rest_route=\/wp\/v2\/pages\/60\/revisions\/232"}],"wp:attachment":[{"href":"http:\/\/www.jeanne-tarot.ch\/index.php?rest_route=%2Fwp%2Fv2%2Fmedia&parent=60"}],"curies":[{"name":"wp","href":"https:\/\/api.w.org\/{rel}","templated":true}]}}