{"id":48,"date":"2013-03-15T17:36:58","date_gmt":"2013-03-15T17:36:58","guid":{"rendered":"http:\/\/www.aimerlavie.ch\/wpjeanne\/?page_id=48"},"modified":"2018-01-15T22:26:08","modified_gmt":"2018-01-15T22:26:08","slug":"cours-dintroduction-pentanalogie","status":"publish","type":"page","link":"http:\/\/www.jeanne-tarot.ch\/?page_id=48","title":{"rendered":"Initiation \u00e0 la Pentanalogie"},"content":{"rendered":"<div id=\"container\" style=\"text-align: justify;\">\n<h3>Objectifs<\/h3>\n<p>Ce cours apprend \u00e0 interpr\u00e9ter les nombres de la date de naissance d&rsquo;une fa\u00e7on diff\u00e9rente de la num\u00e9rologie. La date de naissance permet \u00e0 la fois de cerner le consultant et de lui donner de fa\u00e7on tr\u00e8s claire un miroir de sa personnalit\u00e9. En ce sens la pentanalogie est une science qui donne des outils de compr\u00e9hension de soi-m\u00eame.<\/p>\n<h3>M\u00e9thode<\/h3>\n<p>Le mot pentanalogie est d\u00e9riv\u00e9 du mot pentagramme. Pourquoi ? Cette science relativement jeune , n\u00e9e des recherches successives des ing\u00e9nieurs allemands Hans M\u00fcller (1898-1985) et Charles Gruber (1925-1990), diss\u00e8que les \u00e9l\u00e9ments de la date de naissance en les distribuant autour de l&rsquo;\u00e9toile pythagoricienne \u00e0 5 branches. Ainsi l&rsquo;on obtient une image de la personne sur son fonctionnement, ses atouts, \u00a0ses aspirations imp\u00e9ratives et sa marge de manoeuvre par rapport \u00e0 des fragilit\u00e9s qui peuvent \u00eatre transform\u00e9es en force. Le point commun entre pentanologie et num\u00e9rologie est\u00a0la consid\u00e9ration des nombres\u00a0dans leur double dimension math\u00e9matique et symbolique ; la pentanalogie en revanche ne s&rsquo;arr\u00eate pas au nombre 9 mais inclut le 10, nombre si important \u00e0 l&rsquo;\u00e8re du Verseau, car il porte l&rsquo;\u00e9nergie du renouveau.<\/p>\n<h3>Prix<\/h3>\n<p>CHF  90.- par personne et par s\u00e9ance pour un groupe de 4 personnes.<br \/>\nCHF 110.- par personne et par s\u00e9ance pour un groupe de 3 personnes.<br \/>\nCHF 120.- par personne et par s\u00e9ance pour un groupe de 2 personnes.<br \/>\nCHF 150.- par s\u00e9ance pour cours individuel.<br \/>\nLes cours de perfectionnement sont mis sur pied \u00e0 la demande, en fonction de la motivation des participants.<\/p>\n<\/div>\n","protected":false},"excerpt":{"rendered":"<p>Objectifs Ce cours apprend \u00e0 interpr\u00e9ter les nombres de la date de naissance d&rsquo;une fa\u00e7on diff\u00e9rente de la num\u00e9rologie. La date de naissance permet \u00e0 la fois de cerner le consultant et de lui donner de fa\u00e7on tr\u00e8s claire un miroir de sa personnalit\u00e9. En ce sens la pentanalogie est &#8230;<\/p>\n","protected":false},"author":1,"featured_media":0,"parent":15,"menu_order":0,"comment_status":"closed","ping_status":"closed","template":"template-full-width.php","meta":[],"_links":{"self":[{"href":"http:\/\/www.jeanne-tarot.ch\/index.php?rest_route=\/wp\/v2\/pages\/48"}],"collection":[{"href":"http:\/\/www.jeanne-tarot.ch\/index.php?rest_route=\/wp\/v2\/pages"}],"about":[{"href":"http:\/\/www.jeanne-tarot.ch\/index.php?rest_route=\/wp\/v2\/types\/page"}],"author":[{"embeddable":true,"href":"http:\/\/www.jeanne-tarot.ch\/index.php?rest_route=\/wp\/v2\/users\/1"}],"replies":[{"embeddable":true,"href":"http:\/\/www.jeanne-tarot.ch\/index.php?rest_route=%2Fwp%2Fv2%2Fcomments&post=48"}],"version-history":[{"count":37,"href":"http:\/\/www.jeanne-tarot.ch\/index.php?rest_route=\/wp\/v2\/pages\/48\/revisions"}],"predecessor-version":[{"id":396,"href":"http:\/\/www.jeanne-tarot.ch\/index.php?rest_route=\/wp\/v2\/pages\/48\/revisions\/396"}],"up":[{"embeddable":true,"href":"http:\/\/www.jeanne-tarot.ch\/index.php?rest_route=\/wp\/v2\/pages\/15"}],"wp:attachment":[{"href":"http:\/\/www.jeanne-tarot.ch\/index.php?rest_route=%2Fwp%2Fv2%2Fmedia&parent=48"}],"curies":[{"name":"wp","href":"https:\/\/api.w.org\/{rel}","templated":true}]}}