{"id":446,"date":"2021-05-10T08:18:25","date_gmt":"2021-05-10T08:18:25","guid":{"rendered":"http:\/\/www.jeanne-tarot.ch\/?page_id=446"},"modified":"2021-05-10T08:34:46","modified_gmt":"2021-05-10T08:34:46","slug":"initiation-aux-huiles-essentielles","status":"publish","type":"page","link":"http:\/\/www.jeanne-tarot.ch\/?page_id=446","title":{"rendered":"Initiation aux huiles essentielles"},"content":{"rendered":"\n<p><\/p>\n\n\n\n<h2>Objectif<\/h2>\n\n\n\n<p>\u00c9tude d\u2019une trentaine d\u2019Huiles Essentielles<\/p>\n\n\n\n<p>Ce cours donne acc\u00e8s \u00e0 la connaissance de leurs propri\u00e9t\u00e9s<\/p>\n\n\n\n<ul><li>physiques<\/li><li>\u00e9motionnelles<\/li><li>psychiques<\/li><li>\u00e9nerg\u00e9tiques<\/li><\/ul>\n\n\n\n<h2>Contenu<\/h2>\n\n\n\n<ul><li>utilisation quotidienne des huiles essentielles, des hydrolats et des huiles v\u00e9g\u00e9tales.<\/li><li>support de cours<\/li><li>\u00e9chantillons<\/li><li>classeur de recettes<\/li><\/ul>\n\n\n\n<p>La formation comprend de 6 \u00e0 7 s\u00e9ances de 2 heures, environ 1 fois par mois.<br>Possibilit\u00e9s de poursuive le cours de 30 huiles suppl\u00e9mentaires.<\/p>\n\n\n\n<h2>Prix<\/h2>\n\n\n\n<p>CHF 90.- par personne et par s\u00e9ance pour un groupe de 4 personnes.<br>CHF 110.- par personne et par s\u00e9ance pour un groupe de 3 personnes.<br>CHF 120.- par personne et par s\u00e9ance pour un groupe de 2 personnes.<br>CHF\u00a0150.- par s\u00e9ance pour cours individuel.<\/p>\n","protected":false},"excerpt":{"rendered":"<p>Objectif \u00c9tude d\u2019une trentaine d\u2019Huiles Essentielles Ce cours donne acc\u00e8s \u00e0 la connaissance de leurs propri\u00e9t\u00e9s physiques \u00e9motionnelles psychiques \u00e9nerg\u00e9tiques Contenu utilisation quotidienne des huiles essentielles, des hydrolats et des huiles v\u00e9g\u00e9tales. support de cours \u00e9chantillons classeur de recettes La formation comprend de 6 \u00e0 7 s\u00e9ances de 2 heures, &#8230;<\/p>\n","protected":false},"author":1,"featured_media":0,"parent":443,"menu_order":0,"comment_status":"closed","ping_status":"closed","template":"template-full-width.php","meta":[],"_links":{"self":[{"href":"http:\/\/www.jeanne-tarot.ch\/index.php?rest_route=\/wp\/v2\/pages\/446"}],"collection":[{"href":"http:\/\/www.jeanne-tarot.ch\/index.php?rest_route=\/wp\/v2\/pages"}],"about":[{"href":"http:\/\/www.jeanne-tarot.ch\/index.php?rest_route=\/wp\/v2\/types\/page"}],"author":[{"embeddable":true,"href":"http:\/\/www.jeanne-tarot.ch\/index.php?rest_route=\/wp\/v2\/users\/1"}],"replies":[{"embeddable":true,"href":"http:\/\/www.jeanne-tarot.ch\/index.php?rest_route=%2Fwp%2Fv2%2Fcomments&post=446"}],"version-history":[{"count":4,"href":"http:\/\/www.jeanne-tarot.ch\/index.php?rest_route=\/wp\/v2\/pages\/446\/revisions"}],"predecessor-version":[{"id":455,"href":"http:\/\/www.jeanne-tarot.ch\/index.php?rest_route=\/wp\/v2\/pages\/446\/revisions\/455"}],"up":[{"embeddable":true,"href":"http:\/\/www.jeanne-tarot.ch\/index.php?rest_route=\/wp\/v2\/pages\/443"}],"wp:attachment":[{"href":"http:\/\/www.jeanne-tarot.ch\/index.php?rest_route=%2Fwp%2Fv2%2Fmedia&parent=446"}],"curies":[{"name":"wp","href":"https:\/\/api.w.org\/{rel}","templated":true}]}}