{"id":44,"date":"2013-03-15T17:29:51","date_gmt":"2013-03-15T17:29:51","guid":{"rendered":"http:\/\/www.aimerlavie.ch\/wpjeanne\/?page_id=44"},"modified":"2021-04-15T16:24:06","modified_gmt":"2021-04-15T16:24:06","slug":"cours-dintroduction-tarot","status":"publish","type":"page","link":"http:\/\/www.jeanne-tarot.ch\/?page_id=44","title":{"rendered":"Initiation au tarot de Marseille"},"content":{"rendered":"<div id=\"container\" style=\"text-align: justify;\">\n<h3><a href=\"http:\/\/www.jeanne-tarot.ch\/wp-content\/uploads\/2021\/04\/le_bateleur.jpg\"><img loading=\"lazy\" class=\"size-medium wp-image-415 aligncenter\" src=\"http:\/\/www.jeanne-tarot.ch\/wp-content\/uploads\/2021\/04\/le_bateleur-156x300.jpg\" alt=\"\" width=\"156\" height=\"300\" srcset=\"http:\/\/www.jeanne-tarot.ch\/wp-content\/uploads\/2021\/04\/le_bateleur-156x300.jpg 156w, http:\/\/www.jeanne-tarot.ch\/wp-content\/uploads\/2021\/04\/le_bateleur.jpg 283w\" sizes=\"(max-width: 156px) 100vw, 156px\" \/><\/a><\/h3>\n<h3>Objectifs<\/h3>\n<p>Ce cours donne acc\u00e8s \u00e0 la symbolique, la compr\u00e9hension du tarot de Marseille.<br \/>\nLe tarot de Marseille peut \u00eatre approch\u00e9 sous diff\u00e9rentes formes :<\/p>\n<ul>\n<li>aspect spirituel<\/li>\n<li>aspect psychologique<\/li>\n<li>aspect philosophique<\/li>\n<li>aspect divinatoire<\/li>\n<li>aspect ludique (jeu de tarot) non travaill\u00e9 dans ce cours<\/li>\n<\/ul>\n<p>La compr\u00e9hension du tarot de Marseille permet:<\/p>\n<ul>\n<li>d&rsquo;en faire un outil d&rsquo;\u00e9volution<\/li>\n<li>d&rsquo;orienter le choix lors d&rsquo;alternatives<\/li>\n<li>de donner des r\u00e9ponses \u00e0 des probl\u00e9matiques du moment<br \/>\n(sentimentales, professionnelles, financi\u00e8res, etc.)<\/li>\n<\/ul>\n<h3>Contenu<\/h3>\n<p>Historique et origine du tarot en tant que premier livre de lecture par les images.<br \/>\nEtude et significations des 22 arcanes majeurs du tarot de Marseille.<br \/>\nLien avec la symbolique des nombres et des couleurs.<br \/>\nExplications et pratiques de diff\u00e9rents tirages.<\/p>\n<h3>M\u00e9thode<\/h3>\n<p>Ce cours donne acc\u00e8s \u00e0 la symbolique, la compr\u00e9hension du tarot de Marseille.<br \/>\nIl m\u00e9nage un espace pour les \u00e9changes et les discussions.<br \/>\nLa formation comprend 6 \u00e0 7 s\u00e9ances de 3 heures, environ 1 fois par mois.<\/p>\n<h3>Prix<\/h3>\n<p>CHF 90.- par personne et par s\u00e9ance pour un groupe de 4 personnes.<br \/>\nCHF 110.- par personne et par s\u00e9ance pour un groupe de 3 personnes.<br \/>\nCHF 120.- par personne et par s\u00e9ance pour un groupe de 2 personnes.<br \/>\nCHF 150.- par s\u00e9ance pour cours individuel.<br \/>\nUn cours de perfectionnement &#8211; introduisant les arcanes mineurs &#8211; peut \u00eatre mis sur pied.<\/p>\n<\/div>\n","protected":false},"excerpt":{"rendered":"<p>Objectifs Ce cours donne acc\u00e8s \u00e0 la symbolique, la compr\u00e9hension du tarot de Marseille. Le tarot de Marseille peut \u00eatre approch\u00e9 sous diff\u00e9rentes formes : aspect spirituel aspect psychologique aspect philosophique aspect divinatoire aspect ludique (jeu de tarot) non travaill\u00e9 dans ce cours La compr\u00e9hension du tarot de Marseille permet: &#8230;<\/p>\n","protected":false},"author":1,"featured_media":0,"parent":19,"menu_order":0,"comment_status":"closed","ping_status":"closed","template":"template-full-width.php","meta":[],"_links":{"self":[{"href":"http:\/\/www.jeanne-tarot.ch\/index.php?rest_route=\/wp\/v2\/pages\/44"}],"collection":[{"href":"http:\/\/www.jeanne-tarot.ch\/index.php?rest_route=\/wp\/v2\/pages"}],"about":[{"href":"http:\/\/www.jeanne-tarot.ch\/index.php?rest_route=\/wp\/v2\/types\/page"}],"author":[{"embeddable":true,"href":"http:\/\/www.jeanne-tarot.ch\/index.php?rest_route=\/wp\/v2\/users\/1"}],"replies":[{"embeddable":true,"href":"http:\/\/www.jeanne-tarot.ch\/index.php?rest_route=%2Fwp%2Fv2%2Fcomments&post=44"}],"version-history":[{"count":26,"href":"http:\/\/www.jeanne-tarot.ch\/index.php?rest_route=\/wp\/v2\/pages\/44\/revisions"}],"predecessor-version":[{"id":416,"href":"http:\/\/www.jeanne-tarot.ch\/index.php?rest_route=\/wp\/v2\/pages\/44\/revisions\/416"}],"up":[{"embeddable":true,"href":"http:\/\/www.jeanne-tarot.ch\/index.php?rest_route=\/wp\/v2\/pages\/19"}],"wp:attachment":[{"href":"http:\/\/www.jeanne-tarot.ch\/index.php?rest_route=%2Fwp%2Fv2%2Fmedia&parent=44"}],"curies":[{"name":"wp","href":"https:\/\/api.w.org\/{rel}","templated":true}]}}