{"id":150,"date":"2013-03-29T13:33:34","date_gmt":"2013-03-29T13:33:34","guid":{"rendered":"http:\/\/www.jeanne-tarot.ch\/?page_id=150"},"modified":"2013-04-07T10:58:11","modified_gmt":"2013-04-07T10:58:11","slug":"guide-des-meilleurs-astrologues-et-voyants","status":"publish","type":"page","link":"http:\/\/www.jeanne-tarot.ch\/?page_id=150","title":{"rendered":"Guide des meilleurs astrologues et voyants"},"content":{"rendered":"<p>&nbsp;<\/p>\n<table width=\"100%\" border=\"1\">\n<tbody>\n<tr><!-- Row 1 --><\/p>\n<td style=\"text-align: center;\">[singlepic id=6 w=240 h=320 float=center]<\/td>\n<td style=\"text-align: center;\">[singlepic id=1 w=240 h=320 float=center]<\/td>\n<\/tr>\n<\/tbody>\n<\/table>\n<p>Madame Jeanne Egloff fait partie des 22 tarologues s\u00e9lectionn\u00e9s en Suisse par le \u00ab\u00a0Guide des meilleurs astrologues et voyants\u00a0\u00bb, l&rsquo;ouvrage de r\u00e9f\u00e9rence paru aux \u00e9ditions Favre.<\/p>\n<p>[singlepic id=4 w=600 h=750 float=center]<\/p>\n","protected":false},"excerpt":{"rendered":"<p>&nbsp; [singlepic id=6 w=240 h=320 float=center] [singlepic id=1 w=240 h=320 float=center] Madame Jeanne Egloff fait partie des 22 tarologues s\u00e9lectionn\u00e9s en Suisse par le \u00ab\u00a0Guide des meilleurs astrologues et voyants\u00a0\u00bb, l&rsquo;ouvrage de r\u00e9f\u00e9rence paru aux \u00e9ditions Favre. [singlepic id=4 w=600 h=750 float=center]<\/p>\n","protected":false},"author":1,"featured_media":0,"parent":0,"menu_order":0,"comment_status":"closed","ping_status":"closed","template":"template-full-width.php","meta":[],"_links":{"self":[{"href":"http:\/\/www.jeanne-tarot.ch\/index.php?rest_route=\/wp\/v2\/pages\/150"}],"collection":[{"href":"http:\/\/www.jeanne-tarot.ch\/index.php?rest_route=\/wp\/v2\/pages"}],"about":[{"href":"http:\/\/www.jeanne-tarot.ch\/index.php?rest_route=\/wp\/v2\/types\/page"}],"author":[{"embeddable":true,"href":"http:\/\/www.jeanne-tarot.ch\/index.php?rest_route=\/wp\/v2\/users\/1"}],"replies":[{"embeddable":true,"href":"http:\/\/www.jeanne-tarot.ch\/index.php?rest_route=%2Fwp%2Fv2%2Fcomments&post=150"}],"version-history":[{"count":40,"href":"http:\/\/www.jeanne-tarot.ch\/index.php?rest_route=\/wp\/v2\/pages\/150\/revisions"}],"predecessor-version":[{"id":155,"href":"http:\/\/www.jeanne-tarot.ch\/index.php?rest_route=\/wp\/v2\/pages\/150\/revisions\/155"}],"wp:attachment":[{"href":"http:\/\/www.jeanne-tarot.ch\/index.php?rest_route=%2Fwp%2Fv2%2Fmedia&parent=150"}],"curies":[{"name":"wp","href":"https:\/\/api.w.org\/{rel}","templated":true}]}}