{"id":15,"date":"2013-03-15T13:09:50","date_gmt":"2013-03-15T13:09:50","guid":{"rendered":"http:\/\/www.aimerlavie.ch\/wpjeanne\/?page_id=15"},"modified":"2013-04-09T11:38:38","modified_gmt":"2013-04-09T11:38:38","slug":"la-pentanalogie","status":"publish","type":"page","link":"http:\/\/www.jeanne-tarot.ch\/?page_id=15","title":{"rendered":"La pentanalogie"},"content":{"rendered":"<p style=\"text-align: center;\"><img loading=\"lazy\" class=\"aligncenter\" alt=\"\" src=\"data:image\/png;base64,iVBORw0KGgoAAAANSUhEUgAAAasAAAH9CAIAAAArpMTQAAAgAElEQVR4nO29QWwbR\/7vKWB2\/fK3LZmOIoXWkzz9opimJDOmw4ihNJLTiWKZmpHGnL9GAmUrHiaaoTkLOSbszFrGxOE\/u3niBn976RjJElpgHvEeAhF4EELAgzWhU99EPMAA340HH3jkkcc+9h7Koimy2d1sdnc1u78f\/A4JTZHd1VVf1q\/qW1U9AgAA2JUe2hcAAADUgAICAOwLFBAAYF+ggAAA+wIFBADYFyggAMC+QAEBAPYFCggAsC9QQACAfbGTAj6P9tQRfS7yYt0\/CMLLJ9OHr01PT9e9Y\/rJS+lPn37y8sifNyL6AWIX0\/BGkY+sXa3yT1HzRbV\/P\/KX0eci5afwZiWKp\/lv2vsW0Qct\/f0iF9l4p+2V8ZE3aFphWr+tdRm09+4WJWZN7KKAL59MH3nmz6N1T\/rw+Ys3g9f14XU9aaojtWrZQkqaZbXhIw4\/u+7lVpcl8tZmXr2ptfjJf1Hr7zlSKlLf9jzaWu4FQXhdHKLNsYXsSH6L5INu+fUtnj75986flPYVpvEiWpSZ9iVmOWyigM+jTfXg5ZPp1y+01oD6qlDXXhpqyMsn0enmpiyIVGjRl1pqjeh1iXxAiztWLmpiX9RSRI+WneTnCs+jihSwqTzFSlPBt8g96CZk+mqNWq\/uSWleYSSE8sjn6VFiFsNOCigpGyI1+OWT6aZf1OgTsbb5PDr95IloZVNSocWb+9F\/k2sRre5HtEEq\/KLWCtika2JvfR5V0JFoeS8SnUOpb5F\/0M3fE31eP97RJEgiJa\/0SelUYcRek1RATUvMYthEAZsGTySGz15Vlyb9e9UhEGkFz6PR5y3acsua+vptrfLilv+qVgHb\/aLOFLApUxal9b2IlrP8tyh40I1fQz7vtRI0lNnr\/237SelTYepebR6elc2COy4xi2EXBRSUTBDUVSPR9vuq3TekFq+kUrpCH0X8R1i6XTU3xHYVsN0vklTAVsMDbbYliXtpyuCUfouCmaAjFyAyy1N7SXSsRPGT0qfCiN6j6FXpUmIWw0YKSJCe9ZJOCQ57Pkfq7ssn0eYXazS\/2tSMulEBGzrIYtmhSB9a4lvl++TtfovC6c2GMa8mEazv7apVQI0rTN2LR7uvioYSOi4xi2E7BSS0zGdkRnpeZ8iH76q1EPG\/lBrDafhD8R9e+lmw2NsbdEP03g9buiRq+oDtfIv0PTffidAogvUK2O6T0qnC1F2k5EfpVGIWw6YKKAgtZv2VKaBoZ1G0yyTawpuzotZ1TkSGOp4JaaFpjf8moYAtsuD2k6fW99L87Wq\/RdLeITrveTR7VDhkK3rBulQYkVfEzQy6lJjFsIkCvnwyLSp2TVVDqQK2rpTKK7SsGUdxexC5S\/EUtqXgiH1m67J4HlU+ydz4XvEbbDUmK9vTbPgWxQ+67h+le3Si2aeyJ6VfhZEYJFX6y6S6xCyGjRTwaO1o4dWVqDMvn0w39wfk+getezLis3YNbhzRa5EaQJIfxBP5a1mTW5MINH6slPNWsi2JDry26mop+BbFD7r+u1r0dlr8XCh+UnpWmOaieC3ZzU9W0xKzGDZRQEFoHOht+SMu+p4j\/1g3+PKq3jTPzEWl14uJt7nmS2g5RCX1waJXI\/1NEhlP06eJK3drWjSmFvOU4n\/V1rfIPOhWHypWBg0iJnHxLTrb9f+mUYVpfltt0qbupWnJ0m24YqUlZkVspICgkVbDXQDYBiig3RHrrQBgF6CAQBCEI4kQOoPAPkABAQD2BQoIALAvUEAAgH2BAgIA7AsUEABgX6CAAAD7AgUEANgXKCAAwL5AAQEA9gUKCACwL1BAAIB9gQICAOwLFBAAYF+ggAAA+wIFBADYFyggAMC+QAEBAPYFCggAsC9QQACAfYECAgDsCxQQAGBfoIAAAPsCBQQm4tWZnTi2GBgFFBCYhddHFkMBgVFAAYEJePlkuqcOKCAwCiggoEyD+kEBgZFAAQFlDhUw+rz2n1BAYBRQQECZl0+me6LPa\/8JBQRGAgUE5gEKCIwGCgjMAxQQGA0UEJgHKCAwGiggMA9QQGA0UEBgHqCAwGiggMA8QAGB0UABgXmAAgKjgQIC8wAFBEYDBQQA2BcoIADAvkABAQD2BQoIALAvUEAAgH2BAgIA7AsUEABgX6CAAAD7AgUEJiLyp5s8z9O+CmAjoIDALBSLxZ6enlwuR\/tCgI2AAgKzkPjmoZs5Hbm5RvtCgI2AAgKzwM76MwmWOXuG9oUAGwEFBKagWq06+k4IL6LeseFisUj7coBdgAICU5DNZsMLE8KL6Nbnk8nt72hfDrALUEBgCiI31zIJVngR5XYW2Vk\/7csBdgEKCEyBc\/DNyv668CIqvIg6+k5Uq1XaVwRsARQQ0KdQKAS8DJE\/4UU0vDCRzWZpXxSwBVBAQJ\/ENw8TtyZrCphJsPDEAGOAAgL6BCYvFjKhmgJW9tedg2\/SvihgC6CAgDI1H0x9wBMDjAEKCCiTyWQi195rUMDErcnENw9pXxqwPlBAQJmaD6Y+CplQYPIi7UsD1gcKCCjjOHWyykUaFBCeGGAMUEBAE47jWP9os\/wJL6KRa+9lMhnaFwgsDhQQ0KTBB1Mf8MQAA4ACApp4PeeLu8uiCljlIo5TJ2lfILA4UEBAjUql4hxwiMofiYCXKRQKtC8TWBkoIKCGqA8GnhhgJFBAQI3wSii7PSehgMXdZa\/nPO3LBFYGCgjowPO8c\/C0qA+mPpwDjkqlQvtigWWBAgI6SPhg4IkBhgEFBHTYun8veXtKVgGz23PhlRDtiwWWBQoI6CDhg2nwxDgHT+MQYaATUEBAgXK5zAy\/JSt\/JFj\/KMdxtC8ZWBMoIKCArA+mPpK3p7bu36N9ycCaQAEBBUJLV3OP5hUqIDwxQD+ggMBoeJ539J3gDzYUKqDwIsoMv1Uul2lfOLAgUEBgNAp9MPDEAAOAAgKjid\/ZTN2V98HUR+7RfGjpKu0LBxYECgiMxn2OKe2ttqWA\/MGGo+8EPDFAc6CAwFDa8sHAEwP0BgoIDCWdTsdWLqpQwNTdqfidTdqXD6wGFBAYSls+mPoo7a26zzG0Lx9YDSggMA4VPhh4YoCuQAGBceTz+eCsS538CS+isZWL6XSa9k0ASwEFBMahwgdTH\/mnC8Erl2nfBLAUUEBgHMzZM+Vna6oVEJ4YoDlQQGAQqn0w9RGcdeXzedq3AqwDFBAYRCqVit+41KECwhMDtAUKCAwieOVy\/ulChwpYfrbGnD1D+1aAdYACAiPo0AdTH+5RZ6lUon1DwCJAAYER5HK50NxY5\/InvIjGb1xKpVK0bwhYBCggMIJY9Iv0gxlNFJDbWWRn\/bRvCFgEKCAwgg59MPUBTwzQECgg0J1SqeQedWoifyRCc2O5XI72bQErAAUEuqOJD6Y+0g9mYtEvaN8WsAJQQKA77Kyf21nUUAHhiQFaAQUE+lKtVp0DDk18MPXhHRsuFou0bw50PVBAoC8a+mDqY+vzyeT2d7RvDnQ9UECgL5Gba5kEq7kCwhMDNAEKCPRFQx9MffAHG84BR7VapX1\/oLuBAgIdKRaL3rFhzeWPBDwxoHOggEBHktvfbX0+qZMCZhJs5OYa7VsE3Q0UEOiI5j6Y+qjsrzsH36R9i6C7gQICvahWq46+EzrJHwl4YkCHQAGBXmSz2fDChK4KmLg1mfjmIe0bBV0MFBDohU4+mPqAJwZ0CBQQ6IVz8M3K\/rquCii8iDr6TsATA1QDBQS6oKsPpj4i197LZDK0bxd0K1BAoAuJbx4mbunlg6kPeGJAJ0ABgS4EJi8WMiEDFLDKRRynTtK+XdCtQAGB9hjgg6mPgJcpFAq0bxp0JVBAoD2ZTCZy7T3DFBCeGKAaKCDQHgN8MPVRyIQCkxdp3zToSqCAQHscp05WuYhhCii8iDoHHJVKhfZ9g+4DCgg0plAoBLyMkfInwBMD1AIFBBrTrg+mtLeaezSfiPrC86Osb4j1DYVYJhH1ZbfnirvLCj8kuz0XXgnRvnXQfUABgcYo98EUMqEQy7gZR03yuJ1FbmexJoheVz\/rG8o9mpf9KHhigDqggEBLKpWKc8AhK1jcziLrGwp4BmXVjdtZDLGM19Uv+07WP8pxHO0CAF0GFBBoiRIfzFbEy\/qG2to3sLi7HGKZyJJL4sw5eGKACqCAQEvCK6Hs9pxErhpimeSmX7n21UcmwbK+oVa7LRR3l72e87QLAHQZUECgJRI+mPKzNSVpr3QUMiGvq7\/VDAkz\/Fa5XKZdBqCbgAICzeA4jvWPtpI\/r6u\/tLfaifyRqOyvs74hURGEJwa0CxQQaEYrHwx\/sBHwDCq3tsgG6U42p8O5R\/Ohpau0iwF0E1BAoBlez3nxrtmSS\/NFctzOYnBqpGFipMpFnIOneZ6nXRKga4ACAm0ol8vM8FvNUpW6OxW\/7tFW\/kikH8zElscbXoQnBrQFFBBog6gPhttZDE439tQ0jObeZeruVPzOJu3CAF0DFBBoQ2jpavM8r8S8rSZR2V9nzvTWK2xpb9V9jqFdGKBrgAICDeB53jl4usEHk3s0H2J13yKhOcuGJwYoBwoINKDZB8MfbDBneg04K44\/2GCGjnxRbOViOp2mXSSgO4ACAg3Yun8veXtKumumX2QSbGTJdaTvCU8MUAYUEGiA+xxT73auchE34zCgA1iL+gFH\/mDD0XcCnhigBCgg6JRmH0xDp8yAaOhyBmdd+XyedsGALgAKCDolnU7HVi7W61G7W790HpX9dWf\/8SOCCE8MUAAUEHRKgw+m\/GyNGeo1Uv5e9fumR\/JPF15fw9kztAsGdAFQQNARPM87+k7UO\/ISUV8i6jNeARtSb3higBKggKAjmn0wzFBv+dma8QrIH2w4eo\/VtDh+41IqlaJdPMDsQAFBR8TvbKbuvvbBFDKhgGfQePkjEWKZWj6ef7oQvHKZdvEAswMFBB3BnD1T3+Mz0gbYHPXfDk8MUAIUEKin2Qejx0ZYyoMcwPS6Szg3lsvlaBcSMDVQQKCeVCoVv3GpXoP03gpBOqpcxNF7rPa\/6QczsegXtAsJmBooIFBP8MrlmgGlWYCohJtx1FanwBMDZIECApU0+2AaklAq0ZCGu0edpVKJdlEB8wIFBCrJ5\/PBWVe9+tCdBhG9BnhigDRQQKCSWPSL9IOZevXZinhVnwWsVWS358Lzr\/2J3M4iO+unXVTAvEABgUoafDDNGSiVaMjE+YMN54CjWq3SLi1gUqCAQA2lUsk96mxQn\/D8aHZ7jq4CNluy4YkBEkABgRqafTACjS1hmqN5X4ZMgo3cXKNdYMCkQAGBGthZf7PYBTyDhUyIrgI2bJMlwBMDJIECgrZp9sGQoLUnQkP09PQ0vOIdGy4Wi7SLDZgRKCBom1wuF5oba5YeZ\/9xI3fGV66AiVuTiW8e0i42YEaggKBtmn0wJu8DwhMDWgEFBG3T7IN5lWxSXRRMotXKPEffCXhiQDNQQNAexWLROzYsqj7mnAsmEV6YyGaztAsPmA4oIGiP5PZ3W59PiqpP\/QaltKK4u+x19Te\/Dk8MEAUKCNpD1AdDwoRrQmpR2V93Dr5Ju\/CA6YACgjaoVqvOAUezD4ZE\/Lqnfsd8KpF7NB9iGdF\/CniZQqFAuwiBuYACgjZo5YMhkdz0b0W8dBUw\/WAmtjwu+k\/wxIBmoICgDSI31yTyXIn+l2Eh0Q8tZEKByYu0ixCYCyggaAPn4JsSnufmFWnGh7QjB54Y0AAUEChFwgdTC7qm6IYjg5sjcu29TCZDuyCBiYACAqUkvnmYuCXug6kFXUNMKytMLeCJAQ1AAYFSJHwwtaA7GSIxDUKiykUcp07SLkhgIqCAQBHVatXRd0JWg\/JPF4LTI7QUUIkhkfWPchxHuziBWYACAkVks9nwwoSsBvEHG87+41UuQkUBlWxOA08MqAcKCBQh7YOpj9jyuOjOMXqHwu5ncXfZ6zlPuziBWYACAkU4Tp1U2LNrPqnDmFC+Js854KhUKrRLFJgCKCCQp1AoBLxtWJ3djKO0t2qk\/Mn6YI5oJTwx4BAoIJBHiQ+mPoyfEW44Jlg6co\/mQ0tXaRcqMAVQQCBPYPJiW0cglZ+tuZmWGyjoEcHpkfzTBYVvrnIR5+BpnudplyugDxQQyKDQB9MQRu4TI2uEbg54YgABCghkyGQykWvvtatKlf11ZqjXmG6git35k7entu7fo120gD5QQCBDeCWU3Z5TIUyJqC8R9ektf+o2pIEnBhCggEAG5T6YhuAPNpgzvXqfn6n6eCZm+K1yuUy7dAFloIBACo7jWL\/SOdbmSD+Yif1RaqFuh5G6OxW\/7lH3t7GVi+l0mnYBA8pAAYEU7fpgmiM8P6ouiZaNQibE+oZUDzXCEwMEKCCQxus53+ERwPzBRsAzqPk5wpX99YBnsJO9CPmDDUffCXhibA4UELSkUqk4Bxydq1X52Zr3fL+G2yXwBxusb6gti6JowBMDoICgJep8MKJBDrHUyhyjVWadujsVv7NJu5gBTaCAoCWhpasabvicezTfYd4qvIhWuQjrG9LqVOLS3qr7HEO7mAFNoIBAHJ7nnYOntd3pjyzekN1oWurPz6v\/c9GAJ8bmQAGBOB36YCQ6ccGpkUTU15a28gcbqbtTrG9I82OY4jcupVIp2oUNqAEFBOJs3b+XvK3Lwl7+YCMR9TFDvVsRr6xfuspFUnenmKHe+HWPHltP558uBK9cpl3YgBpQQCBO5z4YWWlLbvqZM72x5fHU3SluZ7GmhlUuwu0sph\/MxK97iPbpt7AEnhibAwUEIpTLZWb4Lf3kr16AiNKxviFn\/\/Genp6enh5H7zHWN0SU0YAjR4Kzrnw+T7vIAR2ggEAEDX0w5o\/0g5lY9AvaRQ7oAAW0Ns+jPfVEnyv7M219MCaP8rM15uwZReU4\/eSlZBGL\/TswNVBA69KgfoobKc\/zjr4TRu7wTD3co85SqSRfkI2F9\/LJdFMBK\/2VAaYACmhVao3zsEXWXpDTQJ18MGaOlp6YBok7WnSH\/3j46qFSQgO7CCigVRFpjgpbaPzOpmEb3JskuJ1FdtbfUA4iHbwjCnj476+Ls\/kVYHaggDZCoQK6zzEGn3VJPUQ9MXV61tjbqy\/O+tckhguBOYEC2gdFAmiYD8ZsEZoby+Vy9UXx8sn0YVmJKaDYa8iDuw4ooF04bJwy\/ZN0Oh1buUhdj4yPTIKN3FxrUSpQQMsCBbQFtdlM2fwseOWy8oN3rRSSnhgooGWBAlof5fJnQx9MfXjHhovFoljBQAEtCxTQ4iiXP0EQ8vl8cNZFXYloxdbnk8nt78QKBjMhlgUKaGVq8qewT2JDH0x9iHpiBEFooYDNL8IN031AAS3Lazub4gbJnD2j+QZ8XRT8wYZzwFGtVluWJRzRlgMKaFXE18RJtFDb+mDqI7wwkc1mm8pGXAGxKs4CQAEtioQAtmijqVQqfuMSdQ2iGy08Ma0UsLGkMQDYdUABwSvYWb+2R3B0Y1T2152Db9J+FMA4JBTwSA8fP27WxuY+mPpo7YkBXcoRKWvIgFopoFgShQEO65LL5UJzY9TVxwyRuDWZ+OYh7QcCtEJGysQVsGFnpaaNloDViEW\/SD+YUa0auUfzrYcdDUKTM9SFF9FCJhSYvEj7gQBtOLoYVMQfIaqATeO+8DlZnQ59MMHpEbpr6Up7q27GodWnOfpOiHliQNfRZFBq6s0pmglRuKgedCmlUsk96lStF1Uu4uw\/Tn0M0c04tNrUK3LtvUwmQ\/uxgI4RmcNvFDM5BWy9QXgz7Ecf6ZfjAF1JffWRar3IJNjIkouu\/AkvoomoLxH1afJR+acLtB8IUAn70aykAjZ2AmUUUGoSpQme58Mrv49\/Nkm9MSCMDOopMAltE2FE10Xqq4\/YWf\/R4YvmZTqNK0WV+QGlDKGNpB5\/H5x1G3DMK8IMYZIUmISGiTCii4I\/2Ij84VL8dqxZjhqS3rqJ4bYUsM0lj\/nn\/wxcehd10Q6R3Z4Lz5vlWKWtiDe56ad+GQgjo7K\/zn7oyvxjR1yMxBYu6q6AgiCUSqWAbzz\/4xL1AkLoGuH5Ua1sKJ1HIRMKeAapXwbCsCjuLnsn3ikUCorUq6enJ\/q8YQczMQWU2PqxndngarUa\/HS2kyF2hMmDP9hw9B4zSQpMghnqtfP2NraKbHI+8MGFSqWiWJOE5r6cpB+wadsfFXaY+O1Y+LceUzUShFZhqhSYBBJhm0T8s8nwyu8bjvdrLWUtj7xqkQWLJs9q7YDZ3Z\/ZD12V\/XXNS4E\/2Mg9mk9EfbGVCdY\/QiJybSwR9WW35zAbo3eYKgUmgUTYDFHaW00\/mElEffEbF2sNk\/WPxFYmElFf6u5UcXdZ9YdXuUhobiL1+HtF6iO2KK5eySTGAY\/8aYdm6EKh4J14p5AJaVXEVS6SvP0hM+wILXkSicV0+gbH3SORyfwpkVgMr7zvHDwZX7+oh\/IiBFOmwCSQCNOKyv56+sGMe7TffW4gFp1NJBZTqdVaw+S4e+n0jURiMX7nY69niBk+lbz9YbtPqrS3Grj0bu6XvTbUR3KPF+N2x6pUKuzMB5lv5zsv6My3nzAjjq3785XKvwvCTqvg+R9T\/\/eKc7A3eSdAvXJYL\/JPF4LTI9Qvozliy+OdrHFGqIjK\/np4weUc7I1FZ0ulbyVaZS3K5e2t+\/PM2dPBWUahDnI7iwHfeKlU0lCXDN0fkOf5yPpKh5bpzLefRNb91WpKSSmT2PrblcRfMTakcUSWXJkES\/0ymoPbWWR9Q9Qvwz7B7Sx6J5zZ7J+VN8n6yOe\/9F44k\/\/xd9LfImZ41gAKO6SmHn\/P+kfVDdIR+VNRyomvF4wRwdLeKrezSCK56SdLtZojxDKsb6g5wvOjrf6ERHZ7rvb5JKik+fzBhrP\/uGlHWp39x7ti9KP8bI08xNrzDc+PNlQJcTebMhy9x+o\/qvYtqbtT5Hs7v4X8j78LfnpeOhuTjWo1FVq80EoEJQzPnUNnj2iO41RYpou7y17PkOpSDi15co\/mO3nYlf11bmcx\/3ShQcXcjKNW59yMo1bhtiLeVkKWezTfIGQksttz0grYLJ3O\/uPN315T0uSmn3yyhoOwgolTYBKmSoTrNS6y5KrXtdrzkviF6+SrSY2tRe1b4tc95Hsdvcd6enoCnkFyDaS2KP\/xqOyvMyMOnv+xE\/mrjVkFPjjbPEMiY3juGGq75BPLdO5xG+tJwwsu1T1tQdjhuHusX2mjLe4ukxpD6orX1d\/T0+M938\/6hiJLrgYVM8\/qF3LZ3M5iJsE21PWAZ5C0OvK\/8eueWntTMW9g2hSYBJVEuMpFaiVPunJvHPuVs\/846xuKLY+Tx0GeTiczoXoE6Yqm7k4lor7g9Agz1OvsPx6cHklEffmnCxI9\/djqhfT\/s9a5\/JHI5f4amjtirlJmeO4ImueEVKvV0NIV5ZZp92i\/wkHWVj1tR98brT68uLucujsVWx4nSsH6hkIsk4j6MgmWVqapUxQyIW5n8ZVZ4VAfe3p6mKFe0m9V0hFw9B4zbQosGJKkE70jvXJSZ0gBkp8WzTvdBkf93Tl6j3ld\/bHl8eYUqsMmKd1CVRme24b+SUnKLdPOgROdDDfw\/I9v\/If\/pf4DyeR9cHrE0XvMe74\/ft2TSbBm+302uNKTLgzpCLxx7FekSacfzNS3566YatC8l1ovCsyZI70k8yQBOkVpbzV1d4r0asPzozUp7LBJSrRQZYZnDaCvgIIgZHd\/Dlx6R7afFZxl8vkvVZdvsfi1d+yVVzaTYMkgSGTJlXs0b+buDN0gvUXSVSQDRvHrnt\/NnDXPKFur0GSkspAJJTf9zZJnpZygrahykUyCDXgGnf3HtyLeRfadXO6vWilgoXA\/4D1T5SLBWbdSw3PHmEIBBUEoFouylunco\/nQkkd1+ca\/\/Dj11XT6wYyz\/3jAM2i2xQxdEWSsoO\/EMfNLgOpEOP90YSviJYpPhgXsLHmtovxsLbY83nvifx13v62VAoaWPD\/+778JXHo3\/\/yfhimPWRRQOLRMp\/\/+iUS5R\/4wnvnHZyoKN\/98M\/Tpu5\/97lzAM2jbPFeT6IoUmITyRLj8bC39YCbEMm8c+1XAM0hGQg2+WpJlN8\/bilpkSDBDvUo8MfX+BBK12bwGw0C7TaO4u+we7f\/y9sedy1\/i64VIaEJzw7MsJlJAQRB4no\/95aa0ZVqFCBL5+3\/\/fpkZ6s0\/XRC1oRgfXbpyK37dk7o7Rf0ylETu0XyIZSTeUH62lro75XX1O\/uPR5Zcuq4lrwkccYkSW0xtgr7Zu1dvpWq2yLRVheo9qg1WARKkz1vzPPT09JApbDIZSMyDEvnZJ4ER3\/tnVQ8IVqup0JLn95+cC346a\/wBVeZSQIKsZTryh3F2dlTJmGCx+HV45f3gLMMfbESWXLK\/jUZGvY9PFjLP2ByilsP0gxnRBqNJ8+6iVbetVi7XD2bFlsc17O7xBxs1fanJCvHc1Z4geUbEY2B8T1NhNFhfg9MjZBrEzTjIYGh2e65eE4PTw6f63givvN+WXy2f\/zJy80PnwEn2w3d0MjzLYkYFFASB4zjvBCMxxcbtLAZnGa9niCy9rp+SL5e3yRrs4BW3d8wi433NP+PNuVItYsvjonJJmmIDAc\/btTeErx5ZkdLc3ei6nVcadq8p7i5HllxvHPtV+Opo52ebFHeXiUaQDp2j9xjpOhFDjMk1Tl0QZUxu+kkdI5NjsT+OJzf9bxz71X\/7Pz6urQ7OZv\/McfeKxa\/rJa9U+pbj7uVyf43f+ZisCH5yb+ry5Lns7s+0pMakCigIQrlclrVMF3eXyfY77tH+192l4VNkHx4zHN9j\/miVHNW6MPXq+caxX\/2ff\/2A+jUrj9oOhtzOIrG2JaI+FdMaJIclnmH2cBVQbe0NyVKp3yyVKO4upx\/MECMtaXHEZBZecLH+Ee\/YYP3PrXu0n\/WPhCLilXwAACAASURBVOZGU3enys\/WCpmQ3oZnWcyrgMKhZTp5Z5b6Y0aQ6KIUmAR\/sHHq5LH5wDAz1Ju6O9XWXl6FTCh1dyo8P+pmHKRztxXxkkExTA13HtnkPDvzgd6GZ1lMrYCErb\/dwS7TZoiuS4FJLM6cDV8dVVJ\/SnurmQQbv+6prQvainiz23PdJfpdEYYZnmXpAgUUDi3TqIh0I6HdkeRGhsSB7vzBBhnII2m+19UfWXKlH8zAL6VfGGx4lqU7FFAQhGKxGPC5u3qtZbdHl57G23yiMfF1B6dH3jj2qxDLEDcckgwDguzwbKThWZauUUBBmWUaoV\/ddTMO6pehLoLTI3vfX8luz0WWXM7+427GEb\/uwUSZwZH\/ccl4w7Ms3aSAwqFlOrbafblYt0eXpsAkMgn2dN9\/CM+Pph\/MYCyFSqS++oiK4VmWLlNAQvqnH1TvMo1QF12aApNoToQRhgV\/sBH+rYeW4VmWrlRA4dAyjRFrY6KrU2ASrG\/ItpY9ikF2eKZoeJalWxVQEIRyucz+5lJbu0wj1EVy078V8VK\/jE6CuHapX4atwgyGZ1m6WAGFQ8t0IjZN\/WFbOwKewW6fha\/srzv7j1O\/DPtE5ltTGJ5l6W4FJCQebsEyrV+Un60xQ73UL6PzQCJsWMQ\/m4ysr5jB8CyLFRRQgGVaz7BACkwCibABUeUirH\/UPIZnWSyigALZZfrCaLcnayYMC6TAJJAI6x3E8MxxHG0xaAPrKKAgCNVqFZZpbcNiqmEZNTdh5B4vmNDwLIulFFCos0xjWFCTsFjmaJmM3myR+uqj0NIVExqeZbGaAhLSP\/0QvDwGy3TnYbHZA8vM6pgnTG54lsWaCijAMq1FWCwFJoFEWMOo7K8HLr1jZsOzLJZVQIHsMv3BBVimVYfFUmASSIS1CmJ4LhaLtBt6R1hZAQVB4HkelmnVYbEUmAQSYU2iWwzPslhcAQmJh1uhuQnMjbQVFt5NoKt3eTBDdJHhWRZbKKAgCLlf9mCZbisktlbu9ujqnb7oRtcZnmWxiwIKh5Zp66V1OkVwesSqe4haYKsbWuXWdYZnWWykgIIgVKvV4KczsEzLhoVTYBJIhNuNLjU8y2IvBRRgmVYWFk6BSSARbiu61\/Asi+0UkJD+6Qf2Qxcs060ixDK5R\/PUL0O\/6NKTP42Pbjc8y2JTBRQEoVAowDLdqtI7eo9Zvo\/cdae\/Gx\/lZ2vdbniWxb4KKBxaprPJeepVzVSR3Z4Lz49Svwy9YyviTW76qV+GaaOQCQV87m43PMtiawUUBIHn+fDK72GZro\/w\/Gh2e476ZegdSIQlIv33T6xheJbF7gpIIJZpDAsKtkmBSSARFo34Z5Oxv9y0huFZFijgK3K\/7LEBN9pD7tF8iGWoX4YxEb\/uSd2don4Z5gnrGZ5lgQK+BpZp4UU0suTKJFjql2FMcDuLrG+I+mWYJEp7q94JxmKGZ1mggEeoVqvsrN+2lmn+YMPZf9xWowHO\/uOV\/XXql0E9iOG5XC7TboJGAwUUwbaW6fzTheD0CPXLMDJiy+PpBzPUL4NuJO\/MWtXwLAsUUBximbZb78BWKTAJmyfCxPC89bc7tBscNaCALSkUCoH3XfaxTNswBSZh20TYDoZnWaCAUtjKMm3b3pANe76CbQzPskABZSCW6a0N63smbDsiZsPRT\/sYnmWBAioi+d2\/Wd4ybdtk0G7pv60Mz7JAAZWS+2UvcOldq1qmbZsCk7BJImxDw7MsUMA2KJVKVrVM2zYFJmGHRNiehmdZoIDtQSzTqa8+ol6htQ2br5DlDzbeOPYr6pehX9jW8CwLFFAN8dsxi1mmbbIfTKuw9j4xidi0bQ3PskABVWIxy7RN9gRsFVbdK5AYnhMPt2g3F\/MCBVRPoVDwTrxjDcu0rTbFag5LDgLA8KwEKGBHVCoVy1imbZsIWzIFLmRC3gujMDzLAgXsFGKZjn82Sb3Sdxi2TYStlwITwzMG\/pQABdSG1OPvu90ybfkzgluFxc4Ojq36YHhWDhRQM4hluqvbUnB6JP90gfplGBmlvVU346B+GZoEMTynf\/qBdlPoJqCAWlIqlQK+8e61TFv+oPTmsMzR6cXdZRieVQAF1JiutkzbMBG2Rgqce7zA\/uYSDM8qgALqQvx2LPKHS90oJfOBYfskwtZIgWF47gQooF5k\/rHTjZZpWyXC3Z4Cw\/DcOVBAHSGW6UImRL2pKI\/K\/rqz\/zj1yzAmAp7B7no69QHDsyZAAfWlUqmwMx90l2Wa9Q1172SO8ig\/W2OGeqlfhrqA4VkroIC603WW6fSDmdjyOPXL0DuSm\/6tiJf6ZagIGJ41BApoEKnH3wdn3V1hmbZJItylKTAMz9oCBTSO\/PN\/dotl2vKJcDemwDA86wEU0FCIZTr\/4xL15iQd3ZshKozU3an4dQ\/1y1AeMDzrBBTQaKrVavDTWZNbpruxi9RWdFcnN\/d4IfDBBRie9QAKSIf47Vj4tx4zW6a7dJhMSXTXQCcxPGPgTyeggNTI7v5sZsu0hRPhbpns5g82QnMTMDzrChSQJma2TFs4Ee6KFJgYnnO\/7NGupBYHCkgZYpnOfDtPvck1h9fVb40zAOqjykUcvceoX4Z0cDuLMDwbAxSQPjzPR9ZXTGiZ7vZls6Jh\/oXP6b9\/Evx0BoZnY4ACmoXU4+9Z\/6ipLNPW2DqlIcy8Cyx\/sAHDs8FAAU0Ex3Fms0xbY\/u8Wph5A8QqFwleHoPh2WCggOaCWKZzj83SSbFYImzaFBiGZ1pAAU1HtVoNLV0xiWXaYomwOVNgGJ4pAgU0KeaxTFvmNHFzngoPwzNdoIDmJbv7c+DSO9Qt05Y5TtdsByLD8GwGoICmplgsUrdMFzKhgGeQul50HuH50ez2HPXLIAHDs0mAApodYplO\/\/0Tis3VAomwqVJgGJ7NAxSwC+B5PvaXmxQt0xZIhM2TAsPwbCqggF0DRcs0t7PI+oaoa0cnYYYUGIZnEwIFNAkvn0z39PT09ESfS7yJ4zjvBEMlIXX2H6c+J9OJ9Dj7j9Ndb1PlIuyHLknD82EdIEw\/eal5LQNNQAFNweu6L6mAgiB4Peep7FYQWx5PP5ihrmXqIv90ITg9Qvca+IMNR9+Jlr2\/o+rXo7A2gI6BApqA+tovWecrlYpzgI4\/uasT4ciSK5NgqV9GcNaVz+dFn+zz6NHnf\/j\/6AjqDRSQOkd\/\/SUVMJPJRK69R6sBd2kibIYUmETq7lT8zqZUHXgteIcSiF6gzkABKfOq7k9HowrGAUNLV3OP5mk14C5NhM2QApMoP1tjzp6RqAVQQOOBAlLlVT2ffvJSfiaE53nn4GmKfRnzSElbYSrhZobfEl3\/W0sEGrJgCKDeQAEp8qqaR58LSuaCOY5j\/TQdbeZJJ9sKUyXv8RuXUqmUVG3AbLCxQAGpUa9\/ShRw6\/695O0pug3YJFMKysNsEzjcziI76xd7vGKTwZBA\/YECUuKo\/ilRQFo+mProukTYVCmw0NIT05gEN78AdAIKSIfmlEf6t79cLjPDb5mhAXdXImyqFJhEaG4sl8sdebrNEyEYCTQKKCAd2lXAdDodW7lIvfUKXZUImy0FJpF+MBOLfnHk6UIB6QEFNAkyWTBdH0x9mGeLAdkw54YOYp6Y2g\/ioQbWsmAMBeoMFNAkSCkgz\/OOvhMm2dnJVNtMScfw2yfMuamXe9RZKpWOPGPxpAD6pztQQJMgpYDUfTANYYZ9VmSjkAkNnH7DnAn71ueTye3vmp7zURWE+hkCFLALiN\/ZTN2l7IOpj\/DV0cXZs9QvQ0ZlIt77Ny8yQ70mFMHWnhhgNFDALoA5e8Y82Vwi6nvv3JunTpo9ESb7WpefrbkZh9lGA\/mDDeeAA5ukmgEooNkxiQ+GRGTJFfAMVrmIOY+drEVxd9nr6if\/XeUi3vP9Zjv1WMQTA2gABTQ7qVQqfuMS9RbLH2xEllzB6RHS9TPt0eMkGg56N6EIZhJs5OYa7coFoICmJ3jlMvXeFn+wEZweCc+P1jLfKhdx9h83bSLsZhylvdX6V8wmgpX9defgm7QrF4ACmhsz+GCI\/DX3+EybCJf2Vt2MyD6yZhNB79gwjoujDhTQ1OTz+eBso\/QYGa3kTzBxItyQAteHqUQwcWsy8c1D2lXM7kABTU0s+gXFhf0S8kfUxNF7jLqONIfX1S+xhYR5RBCeGDMABTQ1FH0w0vJHgvUNcTuL1KWkPsrP1pihXun3mEcEHX0n4ImhCxTQvJRKJfeok0rLVCJ\/AlnkvzxOXUfqI7np34p4Zd9mEhEML0xks1naFc3WQAHNCy0fjEL5E15EK\/vrg2\/+C10RaYiAZ7CQCSl5pxlEEJ4Y6kABzQs766eSY0aWXAp3fyk\/Wxt881\/MkwgrSYHro8pF3IyD4rK5KhdxnDpJu6LZGiigSaHlg6m3PSuRm5u\/c5knEf7P\/9ukkhS4+S4oimDAyxQKBdrVzb5AAU1KLpcLzY0Z3Brj1z1tyV8mwbbb7dI1fGMDf1p0tftX5BZo7XYDTwxdoIAmJXJzzeCOSSLq87r6lchfZX+9vt+kfOhN16jsr7\/95r94Xf0q\/EOlvVVn\/3EqBu9CJhSYvEi7utkXKKBJMdgHQ+RPyQEgZAKhfrcuhdOvegeZmC4\/W2POqMlqi7vLtETQOeCoVCq0a5xNgQKakWKx6B0bNqwFZhKsm3Eol7+G+VOTJMI1c6LqrJaIoPEH8kWuvZfJZGhXOpsCBTQjye3vtj6fNKb55Z8ukK30ZN\/JH2wEPG+L2keoJ8KV\/XVn\/\/Ha\/5afranr0OWfLhgvgtntufBKiHalsylQQDNimA9Gea+HmARbTfsmN\/1SZ98ZQkMmrjqrVf6ToFXAE0MRKKDpqFarjr4TBjS8tjpK4auj5twHQSJUZ7WZBMuc6TXyWGTWP8pxHO2qZ0eggKYjm82GFyb0bnIN87nSodwkaLZQndUmN\/0KZ8Y1CXhiaAEFNB0G+GD4gw2vq1\/h6RmJqI\/1DXWj\/JEgIqgiq1Xujuw8irvLXs952lXPjkABTYdz8M3K\/rp+jU16RK8hSFfIyHxQj8huz6kb2jMy92eG3yqXy7Rrn+2AApoLA3wwkSVXiGWUvNP44TD9IpNgmaHedn9ayK+FMW5HeGKoAAU0F4lvHiZu6eiD2Yp4A55BJZld7tE8c8bQKVG9I3V3ynu+7f5slYt4Xf0GnNecezQfWrpKuwLaDiiguQhMXtTPWJd+MKPQ+VzIhBy9x8yw1k3bUL70pT7IrJHeC4erXMQ5eJrnedp10F5AAU2Erj6Y3KN5hRMCxCWTezRPV610CnUTO6RM9DZpwhNjPFBAE5HJZCLX3tOjaXE7iwpNIWTLPAOSPoqhztyTf7rg6D3WcAintpG6OxW\/s0m7GtoLKKCJ0MkHo3zjE\/5gg\/UNxa97qIuU3qF8Oqg+0g9mdJ0aKu2tus8xtKuhvYACmgjHqZOat662nM\/hq6PB6RHq8mRMKDwJoCHi1z0Kp5LUBTwxBgMFNAscx7F+RXvTKw\/+YCPgGVRo5tiKeI1cBUE92iqc+gixjMJTBFREbOViOp2mXRltBBTQLOjhg4ktjyvs06UfzKiwy3V7VLkIc6a33R1VyYoanUyC8MQYDBTQLHg957XdlImImpK0msqWUCYJdbtDky0I9TjMnj\/YcPSdgCfGMKCApqBSqTgHHBo2pEIm5Ow\/rmTikuLeyCYJ5RPlDeXm6D2mR7kFZ135fJ52lbQLUEBToK0PhmwXqsTQR\/2kNJMEWTPX7gIYnfwx8MQYCRTQFIRXQlotOSAD\/EoOAidb3pvhiA8zhPKDouojdXdK4VCD8ig\/W2POnqFdJe0CFJA+PM87B09r1Ypiy+MKnW7B6RH95jS7McLzasxA6v5KOuCJMQwoIH009MEoX\/kbWx7v6l3\/9AhiCG\/3AHjS6dbWRh6\/cSmVStGumLYACkifrfv3krc1WIWmfPYjuenXPHezRlS5CDPU2+6iQGI713BqOP90IXjlMu2KaQuggPTRxAdDZj+UTE1mt+ccvcestO2VtlF+tuboPdbuxhDa7qYDT4xhQAEpUy6XmeG3Om8wAc+gkl3vuZ1FS257pW2ok7Ps9py67fhFIzQ3lsvlaFdP6wMFpEw6nY6tXOywtSic\/VDukkGokzMNVxamH8zEol\/Qrp7WBwpImdDS1Q4licx+yLY65S4ZBInkpl\/htFJ9hFhGxa4zzQFPjDFAAWnC87yj70QnXQYy+6GkqxK\/7tGkZdoqIkuudmfMNdxV3z3qLJVKtCupxYEC0qRDHwyZuFQy+0HWPGDyt90gJyW1u4mWVhtKb30+mdz+jnYltThQQJrE72x20lkIsYwSGxpZwarr5sYWDrJpdrujB+RMgg732uF2FtlZP+1KanGggDRxn2NUC1Pq7pSSrTpJP1HvU360CnPKNOnTtVuG5ECSTr6XP9hwDjiq1SrtemploIDU6MQHQzZ0UTL8F5we6ZZd7xOxafc5JrbqM+FKFeKPaTexZX1DHS67hidGb6CA1EilUvEbl1S0Cv5gw804lMwgqzsXzfiocpHQ3ETi4ZYgCOmffmA\/dJlwr9bco\/l2BxPIWpFO5vozCTZyc412VbUyUEBqBK9cVre7XGTJpWTtqiZDUQZE+dkaG3DnftmrlUyhUAi87zLhjq0qdoJRPlnfqnDgidEVKCAdVPtgMglWifuPDF2Zf+0Ht7PovTBaLBYbyqdcLgc+uJBNzlO\/woaIX\/e0O7qncMS2VXjHhpvLB2gFFJAO+Xw+OOtqtzGQJauyiRhJk\/XYw13bSP\/9E3bW32qkn+f58MrvtzZMd3KxigNFI0su1aOxiVuTiW8eGlw\/7QMUkA6x6BcqDugJeAaV\/FX46qiKcyCNDP5gI7bqi\/3lpmxBJb\/7t9DchKmcjCqm1\/mDDdUDgvDE6AoUkA7M2TPtjg0loj4lizo6zLmMURD2Q1f6px8UllXul73ApXdNtZkNsVi2NVJJBgTVDcs6+k7AE6MTUEAKlEol96izrTZATvORbT\/kbaYSi2bt8E4whUKh3RLzXhjtfJWFhpHdnmt3ViS56VfnEAwvTGSzWZ1qo82BAlKgXR8MSbtk2z\/Z+sVUMtGoGsn5wAcX1O3\/Xq1W2Vl\/6quPqN9FLVTMirC+IRWbU8ATox9QQAqws\/62dCo8Pyo7js4fbAQ8byvZIpBWJGLT4ZXfd7jrZ\/x2LPKHS+bJ8dv1PJNfqXbn6KtcxHHqpFbVD9QDBTSadn0wmQSrZMs5M2\/9Um947pzMP3bMY5km3fO2pjjyTxdU7FIR8LY9dACUAAU0mlwuF5obU1jvSZdBdsQ992ieGeo1T8+oPpoNz51TKBS8E++YxDKtYuOJ+HVPu6f0wROjE1BAo4ncXFN+QnlwekR22MjM5udWhufOqVQq5rFMtzsrwh9seF39bR1UX8iEApMXNS9GAAU0GuU+GIX5b8Dztib7cWoe0obnziGW6fhnk9TvVGh\/FKK0t9rurD08MXoABTSUYrHoHRtWUt0V5r8KTYIGh3LDc+ekHn9vBss08au39VPUrjkmcu29TCZjQJHaCiigoSS3v9v6XFGfRUn+S9x\/1Bt\/Q1T219syPHcOsUxT31uw\/GyNOdPb1nAE6xtSLprZ7bnwSsiwUrUJUEBDUeiDUZL\/mtP9V9xdDrzvMn7WslQqBXzj1EuD21lsa0BQ4UJvEvDE6AEU0Diq1apzQH5bF4X5rzpvra7RieFZk+I1g2W63a2hMwk24BlU+GbWP8pxHJXitSpQQOPIZrPhhQnZWq5kH5HU3akOd2DXPLY2pjo3PHdO\/HYs\/FsPXWNQuz9OSkY8SMATozlQQONQ4oMhQ3vSDbi4u8wM9ZrEEiwcGp6T3\/0b7QJ+RXb3Z7qW6XYHKBT2+smj93rO0y5gSwEFNA7n4JvSzVLJ9vfkPeY5+aj8bC1w6V1tDc+dQyzTFD2SCneyqEV2e06J80l4EWWG36I1zmBJoIAGocQHo8TashXxtrucQNd27r0w2tGp3s+jPa+JPteuwCuVCjvzAUXLdLsDguGro0pyYXhitAUKaBCJbx4mbkn5YEp7q47eY9K9BrLHnEnsL6mvPurQ8HxE\/V4x\/eSlZmVO3TLd1oCg8hWQoaWrmpWR7YECGkRg8qJ0UhZiGen9n8k+w+oOV9I2iOE5fjvWUYkc6t+rjt\/LJ9PadwQFQRBSj78Pzrqp\/Gy0OyCoZF64ykWcg6epzzhZBiigEVSrVUffCYlqnXs073X1S1f92PK4Gfa+18rw\/EoAtezztST\/\/J+0LNPtutaVeKThidEQKKARZDKZyLX3WlVoMrkh3UMkWypR3\/1FO8Pz6x7g61xYTzUklun8j0vGF9pWxKt85SLxSEuvF07entq6f0+3orIXUEAjkPbBpO5OSU9uVLmIGZZ\/aGl4ruW8jWidA9dRrVaDn84ab5kmS4aV7wQja\/Ys7a26zzG6lZO9gAIagePUyVZ5UGV\/XXYCJLLkamsjYj1CY8NznQK+6vkddgX1ToupWKbJNJfyNFxWMeGJ0QoooO4UCoWAt2USFFlySU8X5p8uKDkiXb\/QxfD8WgFrnb7Dl\/QfGczu\/hy49I7BlmmFe52RkDW9x1YuptNpncvJFkABdUfCB1PcXZZeAUI9\/9XL8FxTwDq9a5gc1pVisWi8ZVrJeS+1iF\/3SLwZnhitgALqjtdzvpXJK8Qy0hN\/seXx2PI4LfnTwPDcEpGk10gFFA4t05lv5w0rT4Vn\/pHgDzYk7IH8wYaj7wQ8MZ0DBdSXSqXiHHCIVuL80wXpDqCSNcL6ReeGZ0lE7H9G+mMIPM9H1leMtEy3tVouk2AlpkTgidEEKKC+SPhgpE+KIBYZKv5n\/mAj8odLnRqeZam5YIgGGjcM2Ejq8fesf9Qwy3Qi6gtOjyh8c8Az2GoNeOruVPzOpsFlZT2ggPoSXgmJ1mBZC\/RWxEvF\/0wMz5l\/7BhQOCKr4ozXP0EQBIHjOCMt0wHPoPT6n1pIjBSXn60xZ8\/QKC1LAQXUEZ7nnYOnRTsXXle\/xB4wpN4bv79TcXfZO\/GOkTs8H\/EFGjQAKA6xTOceG9HpJuYYhcckxZbHW3mh4InpHCigjnAcx\/pFrM7SHUD+YMN7vt\/4\/a+I4blSqdAuNmpUq9XQ0hVjLNPK97it7K+3csbEb1xKpVK0i627gQLqyNb9e8nbIlO90h3A5Kbf+OPf4p9NmmGHZzNgmGWa9Q0pzIVTd6dEq0T+6ULwymXaBdbdQAF1RNQHI90BVLJERNsghufU4+9pl5aJIJbptg7zVRFKlgCTaOWMgSemc6CAelEul5nht5prs3QHMMQyyU2\/YfJX2ls14Q7PZqBYLAZ8br0t0+kHMwqPSWq1cVZobiyXy9EurS4GCqgXoj6Y3KN5Zqi3VS03eAEct7MY8I3rY3i2AsQynf77J7o+BdY3pPA3z3te5Lcz\/WAmFv2CdlF1MVBAvQgtXW2urxK7v5ENUA1bAKez4dki8Dwf+8tNXS3T5Wdrzv7jSow4uUfzzT+Q8MR0CBRQF3ied\/SdaKispb1ViTUeiajPmANADDI8Wwi9LdPKjwwOTo80\/4K6R53oyKsGCqgLoj4YibXuZFDcgAkQIw3PVoLjOO8Eo59lOjg9oiQXFjVIwxPTCVBAXYjf2Wz4reYPNiQm\/mS3SNAkjDc8W4lyuayfZZp4AJQobHNV4XYW2Vk\/7eLpVqCAuuA+19hfSD+YaeXyI\/4YvSdAYHjuHGKZTt6Z1eMBpR\/MKPFIN3cD+YMN54ADQ7rqgAJqj6gPJuAZbGWCkfbHaBIwPGvI1t\/u6GSZVriZfnM3EJ4Y1UABtSeVSsVvXKqvoGS+r9Uvv+wpcZ0EDM96oJNlWnZr6NrbGrqBmQQbublGu1S6Eiig9gSvXG7Y1Sq56Rfd6FR6F8zOA4Zn\/SgWi94Lo5pbphXuCdTQDYQnRjVQQI0R9cEEPIOiRr9W6z01ifyPSzA860q1WtXcMq3QFtrcDfSODReLRdpF0n1AATUmn88HZ4\/8hrdKgcn0n04dwNRXHwU\/ncXouN4Qy3RsVeqsq7Z\/upSdDR2cHqkfNEzcmkx885B2eXQfUECNafbBpO5OiabA0kfhdNKJCP\/WA8OzkaR\/+kFby3R4flT2fNSGLTbgiVEHFFBjmLNnGgbIQyzTPNWr0x4wxPCc3f2ZdjHYDmKZ1qpHX9lfZ870yn5awyCyo+8Eev3tAgXUklKp5B51NlRTR++x5t5BiGU07wAWMiEYnilSLpfZ31zSyjKtZKlcctNfP20SXpjIZrO0i6HLgAJqSbMPpri73Gx2IcPY2q4zzSbn2ZkPYHimC7FMJ2LTmjxT1jckbRRtyCTgiVEBFFBL2Fl\/wyxe+sFM84CO5mvgYHg2FYmHW5pYpiWOSapFeH60Vpcq++vOwTdp332XAQXUDFEfTPy6h+yEXtxdzm7PZRLs\/\/eDzDHBbUWViwRn3TA8mw2tLNOx5XHpHRMKmZCbeX0gdcDLYBikLaCAmpHL5UJzY6LdPdY\/wpw9Hb\/zSeRm4FTfG7f+tfFt6oIYnvPP\/0n71oEIxDLd4YaPlf112VMDmaHXcybwxLQLFFAzYtEvmg++GXb2vj1wMp2+IQg7JAqF+86Bxq6iioDh2fxUq9XgpzMdWqZTd6ekN45MRH21kZZCJhSYvEj7vrsJKKBmNPhg+IONyLWxqal3KpV\/r8kfifCqT8kCeKlWAcNzl1CzTKv+zeMPNtyMQ8IZU9pbrT96AZ6YtoACakOxWPSODdfXy+DMr4Pz4zz\/Y4P8CcJOOn0jfuOi6vYAw3PXkf7ph+DlMdWz\/8T8XOUisdULzPCpnp4e9sOzydsf1rJjr6u\/lm5Hrr2XyWRo33HXAAXUhuT2d1ufvz5NIn7jYuBDRlT+BGEnm\/1z5JqaoUAYnruXDi3Tv5s5++v\/eCp+kbf\/VwAACGtJREFU5+NyeVsQdorFr2O3Zp2DJ1NfTQsvoslNf81emt2eC6+EaN9u1wAF1IZ6H0x2e87tGqxWU6LyJwg7mcyfVCggDM\/dTrlcDnxwQZ1lOjQ3evv2xw0VqVzeDvh\/Hfrknf\/xX0M122mVizhOnaR9r10DFFADqtWqc+DVIV6V\/XVmxFEsft1K\/tRlwTA8WwOe51VYpqtcxHHqjVYpReRPAa974NTJ10uPWP8ox3G077U7gAJqQDabDS9MkMoXXnBt3b8qIX+CsBNZ97c1EwLDs8VIPNwKzU0onxvJJNjwqk+iRsXvfHxm8OR\/\/78+Je+HJ0Y5UEANiNxcI4qWf7rgdg22+q2uhffCGYWnjlW5COsfheHZeuR+2VNumd764v1UalW6Un06577oHiDvL+4uez3nad9idwAF1ADn4JuV\/fUqF3EOnCgU7kvX1Go15eh7Q0m9J4ZnpDNWRbllOvzb87ncX2Xr1dmR07XNyZ0DDoyZKAEK2Ck1H0z8xsXYrcvS1VQQdjjuXnBGfl\/o3OMFGJ4tT7VaZWf9spbpyB\/GZRVQEHby+S\/do68OHYQnRiFQwE5JfPMwcWuSP9hwDpyUngAhEVryyG6LkPrqo9DSFfhabYKsZTpxa1I2CyZxbcmTvP2h8CKaezQfWrpK+866AChgpxAfTPrBTHB+XLaCVir\/7uh7Q2KZJwzP9iT90w\/sh65WlulMgo3fabTCSFewKhdxDp7G7JksUMCOqFarjr4Twouod2xQSZ4Sv\/Nx\/Pp7reSvsr8euPQODM\/2pFAotLJM558uhFfeV6KAgrCT3A6FPvlPAjwxyoACdkQmk4lce4\/bWWTOnpatmjz\/o3PwZKtVAcTwjOO+7AyxTGeT8yJzYpO\/VqiAPP8j6QYmb09t3b9H+57MDhSwI4gPJhIaUzJMk07fCP7mrHia8y0Mz0AQBIHn+fDK75st086BE2Q9nJKIRWdTd6dKe6vucwztGzI7UMCOcJw6WeUi3vG3ZWtntZpyDvaKHrAd\/2wysr6CIRtQg1im64cFYysTyeQfFCogx90LeM8IL6LM8Fvlcpn23ZgaKKB6CoVCwMuQFUtKfpZjf2w8MxOGZ9CK3C97bMBds0xzO4tez5BCBRSEHedgb\/nZWmzlYjqdpn0rpgYKqB7ig+F2FkNLHtnf5OZdUWF4BtI0WKaZ4VOl0rcKFTB+5+PErQ\/giZEFCqger+d8cXc5efvDRGJRemSaOfvarA\/DM1AOsUynvvpIeBHd+vz9xDe\/U6iAhcJ91j\/MH2w4+k5ggEUCKKBKKpWKc8AhvIgGZ5l8\/kupX+MvP45cc8PwDFQTvx2Lrfr+Z3aZGTktsetaw7gzM3wKnhhZoIAqIT4Y4UWU9Y9w3L1WFTHzX24y\/7GvNqQNwzNQB7FMR\/84odAaLQg7ZPl56u5U\/M4m7cs3L1BAlYRXQtntOeFFNDQ32soLnc9\/6eh7o7YNDAzPoBMKhYLfe25kqE\/J4ktB2HGfGyg\/Wys\/W2POnqF97eYFCqgS4oMRXkRbjQPm8186B07Uhv9geAadUy6Xz797du6T80oUMPjpeeK+gidGAiigGjiOY\/2vDjAs7i47B3vr9wTk+R+37s87B07Uln+k\/\/4JDM9AE3ieP3OmP5v9s6wChv94icwjx29cSqVStC\/cpEAB1bB1\/17y9uv9XWKrF4Lz48Xi18Xi16nUKnP2dOiT\/1Qb+4t\/Nhn7y03MxwGtKBQKvb3\/IpsLBz44S0Zg8k8Xglcu075qkwIFVAPxwRzdv+gD1j\/C+kfCwXM1AxcMz0AnMpnMyMhbEiuRyOpgYkGFJ0YCKGDblMtlZvitVvu71BuevRMMjAhAJ9Lpn86eHWwlgtnsn4Mzv67VxuCsK5\/P075kMwIFbJuaD0YiiOEZw89AVzKZzNtvv9lsR+X5H72eodyj13vMpB\/MxKJf0L5eMwIFbJvQ0tX6utUcyTuzMDwDYygUCm736L\/+q692QE2l8u\/BK+5w8Fx9nYQnphVQwPbged7R17jCtxbE8Lz1tzu0LxPYCJ7nk8nk22\/39\/T0uEb7nQMnErc+aK6c7lEnVmE2AwVsj3ofTEOUn63B8AwoUigUvBPvtNqCF54YUaCA7RG\/syl6zlEhEwr43DA8A7pUKhXRXabJ\/lrsrJ\/2BZoOKGB7uM8xzYedw\/AMzAPZZTr+2WTzEI1zwIHh6QaggG0g6oOB4RmYkNTj7xt2mRZeRENzY7lcjvalmQsoYBuk0+nYysVafYLhGZiZ3C97gUvv1qcsmQQbublG+7rMBRSwDYJXLtd2OoDhGZifUqkU8I3XFinBE9MMFFAp9T4YGJ5Bt1C\/y7TwIuodG8Z8XT12V8CXT6Z7mok+b35nPp8PzrpgeAbdSPx2LPxbD3+wsfX5ZHL7O\/E3PY+KtIVXTD95aewVG4XdFVD8oYspYPzOZnLTD8Mz6FKyuz+zH7qy23MtPTFQQPvx6pkrebzM2TPMcD8Mz6B7IZbpnp4epRlMTRPF+gTWwN4KeJgDyz7fSqXC\/HoEAyig26lUKgG\/T9EMXm2EyLL9P0GwuwKKdPut+2MHQDscNg5L65\/NFbDFuIfFHzkA8tQ6gFbvEthZAZsesj26\/QDIctg5sLr+2VsBRTjUQEggsDP2EUAoYANtTA4DYFFsJIBQwAaggMD22EkA7ayAYhmvrZ49AGLYqxHYWAGbJz5s4P8EQAabjYXbWQFbrAq2yZMHQBTFywSsgb0VUBAaVdAmjx2AVtgrCYYCAgBsDBQQAGBfoIAAAPsCBQQA2BcoIADAvkABAQD2BQoIALAvUEAAgH2BAgIA7AsUEABgX6CAAAD7AgUEANgXKCAAwL5AAQEA9gUKCACwL1BAAIB9+f8BN0c5V88z1eoAAAAASUVORK5CYII=\" width=\"174\" height=\"207\" \/><\/p>\n<p style=\"text-align: center;\">La pentanalogie fait figurer l&rsquo;homme dans l&rsquo;\u00e9toile \u00e0 5 branches (pentagrammme) et dispose les nombres de la date de naissance autour de l&rsquo;\u00e9toile.<\/p>\n<p style=\"text-align: center;\">Mise en relation avec la symbolique des nombres, cette repr\u00e9sentation de l&rsquo;\u00eatre dans l&rsquo;\u00e9tagement et la configuration de l&rsquo;\u00e9toile donne une lecture rapide et pr\u00e9cise de la personnalit\u00e9, en r\u00e9v\u00e8le le potentiel et les zones de fragilit\u00e9.<\/p>\n<p style=\"text-align: center;\">\n","protected":false},"excerpt":{"rendered":"<p>La pentanalogie fait figurer l&rsquo;homme dans l&rsquo;\u00e9toile \u00e0 5 branches (pentagrammme) et dispose les nombres de la date de naissance autour de l&rsquo;\u00e9toile. Mise en relation avec la symbolique des nombres, cette repr\u00e9sentation de l&rsquo;\u00eatre dans l&rsquo;\u00e9tagement et la configuration de l&rsquo;\u00e9toile donne une lecture rapide et pr\u00e9cise de la &#8230;<\/p>\n","protected":false},"author":1,"featured_media":0,"parent":0,"menu_order":2,"comment_status":"closed","ping_status":"closed","template":"template-full-width.php","meta":[],"_links":{"self":[{"href":"http:\/\/www.jeanne-tarot.ch\/index.php?rest_route=\/wp\/v2\/pages\/15"}],"collection":[{"href":"http:\/\/www.jeanne-tarot.ch\/index.php?rest_route=\/wp\/v2\/pages"}],"about":[{"href":"http:\/\/www.jeanne-tarot.ch\/index.php?rest_route=\/wp\/v2\/types\/page"}],"author":[{"embeddable":true,"href":"http:\/\/www.jeanne-tarot.ch\/index.php?rest_route=\/wp\/v2\/users\/1"}],"replies":[{"embeddable":true,"href":"http:\/\/www.jeanne-tarot.ch\/index.php?rest_route=%2Fwp%2Fv2%2Fcomments&post=15"}],"version-history":[{"count":15,"href":"http:\/\/www.jeanne-tarot.ch\/index.php?rest_route=\/wp\/v2\/pages\/15\/revisions"}],"predecessor-version":[{"id":342,"href":"http:\/\/www.jeanne-tarot.ch\/index.php?rest_route=\/wp\/v2\/pages\/15\/revisions\/342"}],"wp:attachment":[{"href":"http:\/\/www.jeanne-tarot.ch\/index.php?rest_route=%2Fwp%2Fv2%2Fmedia&parent=15"}],"curies":[{"name":"wp","href":"https:\/\/api.w.org\/{rel}","templated":true}]}}